{"id":39,"date":"2018-04-24T15:29:09","date_gmt":"2018-04-24T13:29:09","guid":{"rendered":"https:\/\/iodo.slask.pl\/index.php\/iodo-o-firmie\/"},"modified":"2018-05-08T15:47:55","modified_gmt":"2018-05-08T13:47:55","slug":"iodo-o-firmie","status":"publish","type":"page","link":"https:\/\/iodo.slask.pl\/index.php\/iodo-o-firmie\/","title":{"rendered":"IODO- o firmie"},"content":{"rendered":"<p>[et_pb_section bb_built=&#8221;1&#8243; _builder_version=&#8221;3.2&#8243; background_color=&#8221;rgba(255,255,255,0.74)&#8221; background_image=&#8221;https:\/\/iodo.slask.pl\/wp-content\/uploads\/2018\/04\/regulation-3246979_1280.jpg&#8221; background_blend=&#8221;lighten&#8221; custom_padding=&#8221;15px|0px|0|0px&#8221; next_background_color=&#8221;#ffffff&#8221; global_module=&#8221;192&#8243;][et_pb_row global_parent=&#8221;192&#8243; use_custom_gutter=&#8221;on&#8221; gutter_width=&#8221;2&#8243; custom_padding=&#8221;0|0px|0|0px&#8221; _builder_version=&#8221;3.1.1&#8243;][et_pb_column type=&#8221;4_4&#8243;][et_pb_text global_parent=&#8221;192&#8243; _builder_version=&#8221;3.2&#8243; header_2_font=&#8221;Roboto|700|||||||&#8221; header_2_text_align=&#8221;center&#8221; header_2_text_color=&#8221;#e02b20&#8243; header_2_font_size=&#8221;33px&#8221; header_2_text_shadow_style=&#8221;preset2&#8243;]<\/p>\n<h2 class=\"et_pb_slide_title\" style=\"text-align: center;\"><a href=\"https:\/\/iodo.slask.pl\/index.php\/ankieta-czy-podlegasz-rodo\/\" data-slimstat=\"5\">Inspektorzy Ochrony Danych Osobowych<\/a><\/h2>\n<p>[\/et_pb_text][et_pb_countdown_timer global_parent=&#8221;192&#8243; title=&#8221;Tyle pozosta\u0142o do RODO, czy Twoja firma jest przygotowana?&#8221; date_time=&#8221;2018-05-25 00:00&#8243; _builder_version=&#8221;3.2&#8243; header_font=&#8221;Roboto||||||||&#8221; header_text_align=&#8221;center&#8221; header_text_color=&#8221;#ffffff&#8221; numbers_font=&#8221;Roboto|500|||||||&#8221; background_color=&#8221;#04228e&#8221; box_shadow_style=&#8221;preset2&#8243; text_shadow_style=&#8221;preset1&#8243; max_width=&#8221;80%&#8221; module_alignment=&#8221;center&#8221; custom_padding=&#8221;10px|10px|10px|10px&#8221; \/][\/et_pb_column][\/et_pb_row][\/et_pb_section][et_pb_section bb_built=&#8221;1&#8243; _builder_version=&#8221;3.1.1&#8243; custom_padding=&#8221;0|0px|54px|0px&#8221; prev_background_color=&#8221;rgba(255,255,255,0.74)&#8221; next_background_color=&#8221;#000000&#8243;][et_pb_row _builder_version=&#8221;3.1.1&#8243;][et_pb_column type=&#8221;1_2&#8243;][et_pb_text _builder_version=&#8221;3.1.1&#8243;]<\/p>\n<p style=\"text-align: justify;\">Firma IODO sp. z o.o. to zesp\u00f3\u0142 Inspektor\u00f3w Ochrony Danych Osobowych.<br \/>\nNasz zesp\u00f3\u0142 jest stworzony do pomocy w dostosowaniu i utrzymywaniu ochrony danych osobowych w standardach zgodnych z RODO.<\/p>\n<p style=\"text-align: justify;\">Jeste\u015bmy ukierunkowani na pomoc dla mikro i ma\u0142ych przedsi\u0119biorstw. Kompleksowo zapewniamy stworzenie procedur i zabezpiecze\u0144, zgodnych z RODO, oraz pomagamy w ich wdra\u017caniu. Naszym celem jest, aby ka\u017cdy z naszych klient\u00f3w m\u00f3g\u0142 spokojnie prowadzi\u0107 swoj\u0105 dzia\u0142alno\u015b\u0107, nie martwi\u0105c si\u0119 o wymogi ochrony danych osobowych w oparciu o przepisy RODO.<\/p>\n<p style=\"text-align: justify;\">Dostosowanie do wymog\u00f3w RODO wcale nie musi by\u0107 trudne i skomplikowane, wystarczy tylko skorzysta\u0107 z pomocy fachowc\u00f3w .<\/p>\n<p>[\/et_pb_text][\/et_pb_column][et_pb_column type=&#8221;1_2&#8243;][et_pb_image src=&#8221;https:\/\/iodo.slask.pl\/wp-content\/uploads\/2018\/04\/LOGO-5.png&#8221; align=&#8221;center&#8221; _builder_version=&#8221;3.1.1&#8243;]<br \/>\n[\/et_pb_image][\/et_pb_column][\/et_pb_row][\/et_pb_section][et_pb_section bb_built=&#8221;1&#8243; fullwidth=&#8221;on&#8221; _builder_version=&#8221;3.1.1&#8243; prev_background_color=&#8221;#000000&#8243; next_background_color=&#8221;#044391&#8243; global_module=&#8221;82&#8243;][et_pb_fullwidth_header global_parent=&#8221;82&#8243; _builder_version=&#8221;3.1.1&#8243; background_image=&#8221;https:\/\/iodo.slask.pl\/wp-content\/uploads\/2018\/04\/people-3335720_1920.jpg&#8221; parallax=&#8221;on&#8221; custom_css_before=&#8221;height:200px;&#8221; custom_css_main_element=&#8221;height:200px;&#8221; custom_css_after=&#8221;height:200px;&#8221; background_layout=&#8221;light&#8221; background_color=&#8221;rgba(255, 255, 255, 0)&#8221;]<\/p>\n<p>&nbsp;<\/p>\n<p>[\/et_pb_fullwidth_header][\/et_pb_section][et_pb_section bb_built=&#8221;1&#8243; _builder_version=&#8221;3.1.1&#8243; background_color=&#8221;#044391&#8243; prev_background_color=&#8221;#ffffff&#8221; global_module=&#8221;83&#8243;][et_pb_row global_parent=&#8221;83&#8243; _builder_version=&#8221;3.0.47&#8243; background_size=&#8221;initial&#8221; background_position=&#8221;top_left&#8221; background_repeat=&#8221;repeat&#8221;][et_pb_column type=&#8221;4_4&#8243;][et_pb_text global_parent=&#8221;83&#8243; _builder_version=&#8221;3.1.1&#8243; text_font=&#8221;Trebuchet|||on|||||&#8221; text_text_color=&#8221;#ffffff&#8221; text_font_size=&#8221;24px&#8221; text_text_shadow_style=&#8221;preset1&#8243; text_orientation=&#8221;center&#8221;]<\/p>\n<p>kontakt<\/p>\n<p>[\/et_pb_text][\/et_pb_column][\/et_pb_row][et_pb_row global_parent=&#8221;83&#8243; _builder_version=&#8221;3.0.47&#8243; background_size=&#8221;initial&#8221; background_position=&#8221;top_left&#8221; background_repeat=&#8221;repeat&#8221; custom_padding=&#8221;1px|0px|27px|0px&#8221;][et_pb_column type=&#8221;1_2&#8243;][et_pb_blurb global_parent=&#8221;83&#8243; title=&#8221;IODO sp. z o.o&#8221; use_icon=&#8221;on&#8221; font_icon=&#8221;%%149%%&#8221; icon_color=&#8221;#ffffff&#8221; icon_placement=&#8221;left&#8221; _builder_version=&#8221;3.1.1&#8243; header_level=&#8221;h3&#8243; background_layout=&#8221;dark&#8221;]<\/p>\n<p>&nbsp;<\/p>\n<p>[\/et_pb_blurb][et_pb_blurb global_parent=&#8221;83&#8243; title=&#8221;kontakt@iodo.slask.pl&#8221; use_icon=&#8221;on&#8221; font_icon=&#8221;%%238%%&#8221; icon_color=&#8221;#ffffff&#8221; icon_placement=&#8221;left&#8221; _builder_version=&#8221;3.1.1&#8243; header_level=&#8221;h3&#8243; background_layout=&#8221;dark&#8221;]<\/p>\n<p>&nbsp;<\/p>\n<p>[\/et_pb_blurb][et_pb_blurb global_parent=&#8221;83&#8243; title=&#8221;883 591 632&#8243; use_icon=&#8221;on&#8221; font_icon=&#8221;%%264%%&#8221; icon_color=&#8221;#ffffff&#8221; icon_placement=&#8221;left&#8221; _builder_version=&#8221;3.1.1&#8243; header_level=&#8221;h3&#8243; background_layout=&#8221;dark&#8221;]<\/p>\n<p>&nbsp;<\/p>\n<p>[\/et_pb_blurb][et_pb_blurb global_parent=&#8221;83&#8243; title=&#8221;43-100 Tychy<br \/>\nStrefowa 8&#8243; use_icon=&#8221;on&#8221; font_icon=&#8221;%%249%%&#8221; icon_color=&#8221;#ffffff&#8221; icon_placement=&#8221;left&#8221; _builder_version=&#8221;3.1.1&#8243; header_level=&#8221;h3&#8243; background_layout=&#8221;dark&#8221; \/][\/et_pb_column][et_pb_column type=&#8221;1_2&#8243;][et_pb_contact_form global_parent=&#8221;83&#8243; captcha=&#8221;off&#8221; email=&#8221;kontakt@iodo.slask.pl&#8221; module_id=&#8221;et_pb_contact_form_0&#8243; _builder_version=&#8221;3.2&#8243; custom_button=&#8221;on&#8221; button_text_color=&#8221;#000000&#8243; button_bg_color=&#8221;#ffffff&#8221;][et_pb_contact_field field_id=&#8221;Imi\u0119_i_nazwsiko&#8221; field_title=&#8221;Imi\u0119 i nazwisko&#8221; fullwidth_field=&#8221;on&#8221; _builder_version=&#8221;3.2&#8243; \/][et_pb_contact_field field_id=&#8221;Adres_e-mail&#8221; field_title=&#8221;Adres e-mail&#8221; fullwidth_field=&#8221;on&#8221; _builder_version=&#8221;3.2&#8243; \/][et_pb_contact_field field_id=&#8221;Telefon&#8221; field_title=&#8221;Telefon&#8221; fullwidth_field=&#8221;on&#8221; _builder_version=&#8221;3.2&#8243; \/][et_pb_contact_field field_id=&#8221;Message&#8221; field_title=&#8221;Wiadomo\u015b\u0107&#8221; field_type=&#8221;text&#8221; fullwidth_field=&#8221;on&#8221; _builder_version=&#8221;3.2&#8243; \/][et_pb_contact_field _builder_version=&#8221;3.2&#8243; field_id=&#8221;Wyra\u017cam_zgod\u0119_&#8221; field_title=&#8221;Wyra\u017cam zgod\u0119 &#8221; field_type=&#8221;checkbox&#8221; checkbox_checked=&#8221;off&#8221; checkbox_options=&#8221;%91{%22value%22:%22na przetwarzanie moich danych osobowych, przez firm\u0119 IODO sp. z o.o. Dane osobowe b\u0119d\u0105 u\u017cywane wy\u0142\u0105cznie do cel\u00f3w zwi\u0105zanych z zawarciem i wykonaniem umowy dotycz\u0105cej audytu i wdro\u017cenia zmian w obr\u0119bie dostosowania Pa\u0144stwa firmy do RODO%22,%22checked%22:0}%93&#8243; radio_options=&#8221;%91{%22value%22:%22na przetwarzanie moich danych osobowych, przez firm\u0119 IODO sp. z o.o. Dane osobowe b\u0119d\u0105 u\u017cywane wy\u0142\u0105cznie do cel\u00f3w zwi\u0105zanych z zawarciem i wykonaniem umowy dotycz\u0105cej audytu i wdro\u017cenia zmian w obr\u0119bie dostosowania Pa\u0144stwa firmy do RODO%22,%22checked%22:1}%93&#8243; select_options=&#8221;%91{%22value%22:%22%22,%22checked%22:0}%93&#8243; min_length=&#8221;0&#8243; max_length=&#8221;0&#8243; allowed_symbols=&#8221;all&#8221; required_mark=&#8221;on&#8221; conditional_logic=&#8221;off&#8221; conditional_logic_relation=&#8221;off&#8221; conditional_logic_rules=&#8221;%91{%22field%22:%22imi\u0119_i_nazwsiko%22,%22condition%22:%22is%22,%22value%22:%22%22}%93&#8243; use_background_color_gradient=&#8221;off&#8221; background_color_gradient_start=&#8221;#2b87da&#8221; background_color_gradient_end=&#8221;#29c4a9&#8243; background_color_gradient_type=&#8221;linear&#8221; background_color_gradient_direction=&#8221;180deg&#8221; background_color_gradient_direction_radial=&#8221;center&#8221; background_color_gradient_start_position=&#8221;0%&#8221; background_color_gradient_end_position=&#8221;100%&#8221; background_color_gradient_overlays_image=&#8221;off&#8221; parallax=&#8221;off&#8221; parallax_method=&#8221;on&#8221; background_size=&#8221;cover&#8221; background_position=&#8221;center&#8221; background_repeat=&#8221;no-repeat&#8221; background_blend=&#8221;normal&#8221; allow_player_pause=&#8221;off&#8221; background_video_pause_outside_viewport=&#8221;on&#8221; fullwidth_field=&#8221;on&#8221; form_field_text_shadow_style=&#8221;none&#8221; box_shadow_style=&#8221;none&#8221; form_field_text_color=&#8221;#ffffff&#8221; form_field_text_shadow_horizontal_length=&#8221;0em&#8221; form_field_text_shadow_vertical_length=&#8221;0em&#8221; form_field_text_shadow_blur_strength=&#8221;0em&#8221; field_background_color=&#8221;#000000&#8243; \/][\/et_pb_contact_form][\/et_pb_column][\/et_pb_row][\/et_pb_section]<\/p>\n","protected":false},"excerpt":{"rendered":"<p>Inspektorzy Ochrony Danych Osobowych Firma IODO sp. z o.o. to zesp\u00f3\u0142 Inspektor\u00f3w Ochrony Danych Osobowych. Nasz zesp\u00f3\u0142 jest stworzony do pomocy w dostosowaniu i utrzymywaniu ochrony danych osobowych w standardach zgodnych z RODO. Jeste\u015bmy ukierunkowani na pomoc dla mikro i ma\u0142ych przedsi\u0119biorstw. Kompleksowo zapewniamy stworzenie procedur i zabezpiecze\u0144, zgodnych z RODO, oraz pomagamy w ich [&hellip;]<\/p>\n","protected":false},"author":1,"featured_media":0,"parent":0,"menu_order":0,"comment_status":"closed","ping_status":"closed","template":"","meta":{"_et_pb_use_builder":"on","_et_pb_old_content":"","_et_gb_content_width":"","footnotes":""},"class_list":["post-39","page","type-page","status-publish","hentry"],"_links":{"self":[{"href":"https:\/\/iodo.slask.pl\/index.php\/wp-json\/wp\/v2\/pages\/39"}],"collection":[{"href":"https:\/\/iodo.slask.pl\/index.php\/wp-json\/wp\/v2\/pages"}],"about":[{"href":"https:\/\/iodo.slask.pl\/index.php\/wp-json\/wp\/v2\/types\/page"}],"author":[{"embeddable":true,"href":"https:\/\/iodo.slask.pl\/index.php\/wp-json\/wp\/v2\/users\/1"}],"replies":[{"embeddable":true,"href":"https:\/\/iodo.slask.pl\/index.php\/wp-json\/wp\/v2\/comments?post=39"}],"version-history":[{"count":0,"href":"https:\/\/iodo.slask.pl\/index.php\/wp-json\/wp\/v2\/pages\/39\/revisions"}],"wp:attachment":[{"href":"https:\/\/iodo.slask.pl\/index.php\/wp-json\/wp\/v2\/media?parent=39"}],"curies":[{"name":"wp","href":"https:\/\/api.w.org\/{rel}","templated":true}]}}